{"id":3565,"date":"2024-06-05T22:39:07","date_gmt":"2024-06-05T20:39:07","guid":{"rendered":"https:\/\/www.noctivagos.com\/?page_id=3565"},"modified":"2024-06-05T22:56:37","modified_gmt":"2024-06-05T20:56:37","slug":"programacion-por-escenarios-2024","status":"publish","type":"page","link":"https:\/\/www.noctivagos.com\/?page_id=3565","title":{"rendered":"PROGRAMACION POR ESCENARIOS 2024"},"content":{"rendered":"\n<p class=\"has-black-color has-text-color has-background has-medium-font-size\" style=\"background-color:#fade12\"><strong>PLAZA VIEJA<\/strong><\/p>\n\n\n\n<p class=\"has-medium-font-size\"><strong>VIERNES<\/strong> <strong>28 JUNIO<\/strong><\/p>\n\n\n\n<p class=\"has-medium-font-size\" style=\"font-style:normal;font-weight:100\">22:00____LA HUELLA<\/p>\n\n\n\n<p class=\"has-black-color has-text-color has-medium-font-size\" style=\"font-style:normal;font-weight:100\">23:15____LA TIERRA BALD\u00cdA<\/p>\n\n\n\n<p class=\"has-medium-font-size\" style=\"font-style:normal;font-weight:100\">00:30____LA HUELLA<\/p>\n\n\n\n<p class=\"has-black-color has-text-color has-medium-font-size\" style=\"font-style:normal;font-weight:100\">01:45____ LA TIERRA BALD\u00cdA<\/p>\n\n\n\n<p class=\"has-medium-font-size\"><strong>S\u00c1BADO 29 DE JUNIO<\/strong><\/p>\n\n\n\n<p class=\"has-medium-font-size\">22:15____SEIS, EL MUSICAL<\/p>\n\n\n\n<p class=\"has-medium-font-size\">23:30____\u00d1AQUE O DE PIOJOS O ACTORES<\/p>\n\n\n\n<p class=\"has-medium-font-size\">00:45____SEIS, EL MUSICAL<\/p>\n\n\n\n<p class=\"has-medium-font-size\">02:00____\u00d1AQUE O DE PIOJOS O ACTORES<\/p>\n\n\n\n<p class=\"has-black-color has-text-color has-background has-medium-font-size\" style=\"background-color:#fade12\"><strong>PASEO ALTO<\/strong><\/p>\n\n\n\n<p class=\"has-medium-font-size\"><strong>VIERNES 28 DE JUNIO<\/strong><\/p>\n\n\n\n<p class=\"has-medium-font-size\" style=\"font-style:normal;font-weight:100\">22:00____AGNUS DEI<\/p>\n\n\n\n<p class=\"has-medium-font-size\" style=\"font-style:normal;font-weight:100\">00:30____AGNUS DEI<\/p>\n\n\n\n<p class=\"has-medium-font-size\"><strong>S\u00c1BADO 29 DE JUNIO<\/strong><\/p>\n\n\n\n<p class=\"has-medium-font-size\">21:00____W.C.<\/p>\n\n\n\n<p class=\"has-medium-font-size\">23:30____W.C.<\/p>\n\n\n\n<p class=\"has-medium-font-size\"><strong>DOMINGO<\/strong> <strong>30 DE JUNIO<\/strong><\/p>\n\n\n\n<p class=\"has-medium-font-size\">12:00____CLAUSURA CERTAMEN Y ENTREGA DE PREMIOS<\/p>\n\n\n\n<p class=\"has-black-color has-text-color has-background has-medium-font-size\" style=\"background-color:#fade12\"><strong>PATIO ARMAS CASTILLO<\/strong><\/p>\n\n\n\n<p class=\"has-medium-font-size\"><strong>VIERNES 28 DE JUNIO<\/strong><\/p>\n\n\n\n<p class=\"has-black-color has-text-color has-medium-font-size\" style=\"font-style:normal;font-weight:100\">21:00____INAUGURACI\u00d3N<\/p>\n\n\n\n<p class=\"has-medium-font-size\" style=\"font-style:normal;font-weight:100\">23:15____\u00d3RBITA<\/p>\n\n\n\n<p class=\"has-medium-font-size\"><strong>S\u00c1BADO 29 DE JUNIO<\/strong><\/p>\n\n\n\n<p class=\"has-medium-font-size\">21:00____\u00d3RBITA<\/p>\n\n\n\n<p class=\"has-medium-font-size\">22:15____GALD\u00d3S EN LOS INFIERNOS<\/p>\n\n\n\n<p class=\"has-medium-font-size\">00:45____GALD\u00d3S EN LOS INFIERNOS<\/p>\n\n\n\n<p class=\"has-black-color has-text-color has-background has-medium-font-size\" style=\"background-color:#fade12\"><strong>CASA DE LA CULTURA<\/strong><\/p>\n\n\n<p class=\"has-medium-font-size\"><strong style=\"font-size: revert; color: initial;\">S\u00c1BADO<\/strong><\/p>\n<p class=\"has-medium-font-size\">19:00____LA T\u00cdA MANDARINA (MINIVAGOS)<\/p>\n\n\n<p class=\"has-black-color has-text-color has-background has-medium-font-size\" style=\"background-color:#fade12\"><strong>PLAZA EL NAVARRO<\/strong><\/p>\n\n\n\n<p class=\"has-medium-font-size\"><strong>S\u00c1BADO<span style=\"font-size: revert; color: initial;\">   <\/span><\/strong><\/p>\n\n\n\n<p class=\"has-medium-font-size\">12:00____MUJERES (GRUPO EL NAVARRO)<\/p>\n","protected":false},"excerpt":{"rendered":"<div class=\"mh-excerpt\"><p>PLAZA VIEJA VIERNES 28 JUNIO 22:00____LA HUELLA 23:15____LA TIERRA BALD\u00cdA 00:30____LA HUELLA 01:45____ LA TIERRA BALD\u00cdA S\u00c1BADO 29 DE JUNIO 22:15____SEIS, EL MUSICAL 23:30____\u00d1AQUE O <a class=\"mh-excerpt-more\" href=\"https:\/\/www.noctivagos.com\/?page_id=3565\" title=\"PROGRAMACION POR ESCENARIOS 2024\">[&#8230;]<\/a><\/p>\n<\/div>","protected":false},"author":4,"featured_media":0,"parent":2243,"menu_order":0,"comment_status":"closed","ping_status":"closed","template":"","meta":{"footnotes":""},"class_list":["post-3565","page","type-page","status-publish","hentry"],"jetpack_shortlink":"https:\/\/wp.me\/P6myW9-Vv","jetpack_sharing_enabled":true,"_links":{"self":[{"href":"https:\/\/www.noctivagos.com\/index.php?rest_route=\/wp\/v2\/pages\/3565","targetHints":{"allow":["GET"]}}],"collection":[{"href":"https:\/\/www.noctivagos.com\/index.php?rest_route=\/wp\/v2\/pages"}],"about":[{"href":"https:\/\/www.noctivagos.com\/index.php?rest_route=\/wp\/v2\/types\/page"}],"author":[{"embeddable":true,"href":"https:\/\/www.noctivagos.com\/index.php?rest_route=\/wp\/v2\/users\/4"}],"replies":[{"embeddable":true,"href":"https:\/\/www.noctivagos.com\/index.php?rest_route=%2Fwp%2Fv2%2Fcomments&post=3565"}],"version-history":[{"count":3,"href":"https:\/\/www.noctivagos.com\/index.php?rest_route=\/wp\/v2\/pages\/3565\/revisions"}],"predecessor-version":[{"id":3605,"href":"https:\/\/www.noctivagos.com\/index.php?rest_route=\/wp\/v2\/pages\/3565\/revisions\/3605"}],"up":[{"embeddable":true,"href":"https:\/\/www.noctivagos.com\/index.php?rest_route=\/wp\/v2\/pages\/2243"}],"wp:attachment":[{"href":"https:\/\/www.noctivagos.com\/index.php?rest_route=%2Fwp%2Fv2%2Fmedia&parent=3565"}],"curies":[{"name":"wp","href":"https:\/\/api.w.org\/{rel}","templated":true}]}}