{"id":5085,"date":"2026-01-17T21:09:29","date_gmt":"2026-01-17T19:09:29","guid":{"rendered":"https:\/\/www.noctivagos.com\/?page_id=5085"},"modified":"2026-01-26T12:54:38","modified_gmt":"2026-01-26T10:54:38","slug":"ficha-inscripcion-certamen-noctivagos-2026","status":"publish","type":"page","link":"https:\/\/www.noctivagos.com\/?page_id=5085","title":{"rendered":"FICHA INSCRIPCI\u00d3N CERTAMEN NOCT\u00cdVAGOS 2026"},"content":{"rendered":"\n<p class=\"has-text-align-center has-medium-font-size\" style=\"font-style:normal;font-weight:700;text-decoration:underline\">FICHA INSCRIPCI\u00d3N<\/p>\n\n\n<div class=\"wp-block-jetpack-contact-form\"><a href=\"https:\/\/www.noctivagos.com\/?page_id=5085\" target=\"_blank\" rel=\"noopener noreferrer\">Env\u00eda un formulario.<\/a><\/div>\n\n\n<p>&nbsp;<\/p>\n\n\n\n<p class=\"has-small-font-size\" style=\"font-style:normal;font-weight:300\">SI QUIERES ENVIARNOS ALGO M\u00c1S, QUE EST\u00c9 RELACIONADO CON TU INSCRIPCI\u00d3N, PUEDES HACERLO ENVIANDO UN MAIL AL CORREO:<\/p>\n\n\n\n<p class=\"has-text-align-center\"><strong>info@noctivagos.com<\/strong><\/p>\n\n\n\n<p>&nbsp;<\/p>\n\n\n\n<p>&nbsp;<\/p>\n","protected":false},"excerpt":{"rendered":"<div class=\"mh-excerpt\"><p>FICHA INSCRIPCI\u00d3N &nbsp; SI QUIERES ENVIARNOS ALGO M\u00c1S, QUE EST\u00c9 RELACIONADO CON TU INSCRIPCI\u00d3N, PUEDES HACERLO ENVIANDO UN MAIL AL CORREO: info@noctivagos.com &nbsp; &nbsp;<\/p>\n<\/div>","protected":false},"author":4,"featured_media":4195,"parent":0,"menu_order":0,"comment_status":"closed","ping_status":"closed","template":"","meta":{"footnotes":""},"class_list":["post-5085","page","type-page","status-publish","has-post-thumbnail","hentry"],"jetpack_shortlink":"https:\/\/wp.me\/P6myW9-1k1","jetpack_sharing_enabled":true,"_links":{"self":[{"href":"https:\/\/www.noctivagos.com\/index.php?rest_route=\/wp\/v2\/pages\/5085","targetHints":{"allow":["GET"]}}],"collection":[{"href":"https:\/\/www.noctivagos.com\/index.php?rest_route=\/wp\/v2\/pages"}],"about":[{"href":"https:\/\/www.noctivagos.com\/index.php?rest_route=\/wp\/v2\/types\/page"}],"author":[{"embeddable":true,"href":"https:\/\/www.noctivagos.com\/index.php?rest_route=\/wp\/v2\/users\/4"}],"replies":[{"embeddable":true,"href":"https:\/\/www.noctivagos.com\/index.php?rest_route=%2Fwp%2Fv2%2Fcomments&post=5085"}],"version-history":[{"count":15,"href":"https:\/\/www.noctivagos.com\/index.php?rest_route=\/wp\/v2\/pages\/5085\/revisions"}],"predecessor-version":[{"id":5177,"href":"https:\/\/www.noctivagos.com\/index.php?rest_route=\/wp\/v2\/pages\/5085\/revisions\/5177"}],"wp:featuredmedia":[{"embeddable":true,"href":"https:\/\/www.noctivagos.com\/index.php?rest_route=\/wp\/v2\/media\/4195"}],"wp:attachment":[{"href":"https:\/\/www.noctivagos.com\/index.php?rest_route=%2Fwp%2Fv2%2Fmedia&parent=5085"}],"curies":[{"name":"wp","href":"https:\/\/api.w.org\/{rel}","templated":true}]}}